{"id":302,"date":"2024-03-18T09:17:58","date_gmt":"2024-03-18T06:17:58","guid":{"rendered":"https:\/\/www.drmelikecanpolat.com.tr\/?page_id=302"},"modified":"2025-05-13T15:55:31","modified_gmt":"2025-05-13T12:55:31","slug":"contact","status":"publish","type":"page","link":"https:\/\/www.drmelikecanpolat.com.tr\/en\/contact\/","title":{"rendered":"CONTACT"},"content":{"rendered":"<div class=\"contact__area mb-30\">\n                <div class=\"container\">\n                    <div class=\"row\">\n                        <div class=\"col-xl-4 col-lg-4 col-md-6 col-sm-6\">\n                            <div class=\"contact__item d-flex p-relative fix\">\n                                <div class=\"contact__item-shape\">\n                                    <img decoding=\"async\" src=\"https:\/\/drmelikecanpolat.com.tr\/wp-content\/uploads\/2024\/01\/contact-shape.png\" alt \/>\n                                <\/div>\n                                <div class=\"contact__icon\">\n                                    <span><i class=\"fab fa-whatsapp\" style=\"font-size: 45px;\"><\/i><\/span>\n                                <\/div>\n                                <div class=\"contact__content\">\n                                    <h4 class=\"contact__title-sm\">Phone<\/h4>\n                                    <a class=\"contact__content-text\" href=\"tel:0553 108 28 62\">0553 108 28 62<\/a> <br>\n                                    <br>   \n                                <\/div>\n                            <\/div>\n                        <\/div>\n                        <div class=\"col-xl-4 col-lg-4 col-md-6 col-sm-6\">\n                            <div class=\"contact__item d-flex p-relative fix\">\n                                <div class=\"contact__item-shape\">\n                                    <img decoding=\"async\" src=\"https:\/\/drmelikecanpolat.com.tr\/wp-content\/uploads\/2024\/01\/contact-shape.png\" alt \/>\n                                <\/div>\n                                <div class=\"contact__icon\">\n                                    <span><i class=\"fas fa-envelope\" style=\"font-size: 45px;\"><\/i><\/span>\n                                <\/div>\n                                <div class=\"contact__content\">\n                                    <h4 class=\"contact__title-sm\">E-Mail<\/h4>\n                                    <a class=\"contact__content-text\" href=\"mailto:drmelikecanpolat@gmail.com\">\n                                        <span>drmelikecanpolat@gmail.com<\/span>\n                                    <\/a>\n                                     <br>  <br>\n                                <\/div>\n                            <\/div>\n                        <\/div>\n\n                        <div class=\"col-xl-4 col-lg-4 col-md-6 col-sm-6\">\n                            <div class=\"contact__item d-flex p-relative fix\">\n                                <div class=\"contact__item-shape\">\n                                    <img decoding=\"async\" src=\"https:\/\/drmelikecanpolat.com.tr\/wp-content\/uploads\/2024\/01\/contact-shape.png\" alt \/>\n                                <\/div>\n                                <div class=\"contact__icon\">\n                                    <span><i class=\"fal fa-map-marker-alt\" style=\"font-size: 45px;\"><\/i><\/span>\n                                <\/div>\n                                <div class=\"contact__content\">\n                                    <h4 class=\"contact__title-sm\">Address<\/h4>\n                                    <a class=\"contact__content-text\">\u00c7ak\u0131ro\u011flu Be\u015ftepe A Blok Be\u015ftepe Mahallesi 31. Sokak 2A\/20 Yenimahalle\/ANKARA<\/a>\n                                <\/div>\n                            <\/div>\n                        <\/div>\n                    <\/div>\n                <\/div>\n            <\/div>\n\n\n\n<iframe src=\"https:\/\/www.google.com\/maps\/embed?pb=!1m18!1m12!1m3!1d625.132292427264!2d32.81288669463593!3d39.90151685220772!2m3!1f0!2f0!3f0!3m2!1i1024!2i768!4f13.1!3m3!1m2!1s0x14d34f0d6aff9631%3A0x70faf93f3982ad1c!2sHayat%20Plaza!5e0!3m2!1str!2str!4v1705643668225!5m2!1str!2str\" width=\"100%\" height=\"250\" style=\"border:0;\" allowfullscreen=\"\" loading=\"lazy\" referrerpolicy=\"no-referrer-when-downgrade\"><\/iframe>","protected":false},"excerpt":{"rendered":"<p>Phone 0553 108 28 62 E-Mail drmelikecanpolat@gmail.com Address \u00c7ak\u0131ro\u011flu Be\u015ftepe A Blok Be\u015ftepe Mahallesi 31. Sokak 2A\/20 Yenimahalle\/ANKARA<\/p>","protected":false},"author":1,"featured_media":0,"parent":0,"menu_order":0,"comment_status":"closed","ping_status":"closed","template":"","meta":{"footnotes":""},"class_list":["post-302","page","type-page","status-publish","hentry"],"_links":{"self":[{"href":"https:\/\/www.drmelikecanpolat.com.tr\/en\/wp-json\/wp\/v2\/pages\/302","targetHints":{"allow":["GET"]}}],"collection":[{"href":"https:\/\/www.drmelikecanpolat.com.tr\/en\/wp-json\/wp\/v2\/pages"}],"about":[{"href":"https:\/\/www.drmelikecanpolat.com.tr\/en\/wp-json\/wp\/v2\/types\/page"}],"author":[{"embeddable":true,"href":"https:\/\/www.drmelikecanpolat.com.tr\/en\/wp-json\/wp\/v2\/users\/1"}],"replies":[{"embeddable":true,"href":"https:\/\/www.drmelikecanpolat.com.tr\/en\/wp-json\/wp\/v2\/comments?post=302"}],"version-history":[{"count":5,"href":"https:\/\/www.drmelikecanpolat.com.tr\/en\/wp-json\/wp\/v2\/pages\/302\/revisions"}],"predecessor-version":[{"id":373,"href":"https:\/\/www.drmelikecanpolat.com.tr\/en\/wp-json\/wp\/v2\/pages\/302\/revisions\/373"}],"wp:attachment":[{"href":"https:\/\/www.drmelikecanpolat.com.tr\/en\/wp-json\/wp\/v2\/media?parent=302"}],"curies":[{"name":"wp","href":"https:\/\/api.w.org\/{rel}","templated":true}]}}