{"id":308,"date":"2024-03-18T09:34:47","date_gmt":"2024-03-18T06:34:47","guid":{"rendered":"https:\/\/www.drmelikecanpolat.com.tr\/?page_id=308"},"modified":"2025-05-13T15:31:13","modified_gmt":"2025-05-13T12:31:13","slug":"our-clinic","status":"publish","type":"page","link":"https:\/\/www.drmelikecanpolat.com.tr\/en\/our-clinic\/","title":{"rendered":"OUR CLINIC"},"content":{"rendered":"<p>Our clinic is located in Be\u015ftepe \u00c7ak\u0131ro\u011flu Plaza, the center of Ankara. We have designed a pleasant waiting room for our patient relatives at the entrance of our clinic, where they can wait for their relatives with pleasure, drink their coffee and watch something in the meantime.<\/p>\n\n\n\n<p>In our treatment section, we have prepared 2 patient treatment rooms, one designed for children and the other for adults. Each room is equipped with the latest technology such as a whitening device, laser device, digital scanning device, digital anesthesia device.<\/p>\n\n\n\n<p>Thanks to our play corner in our waiting area, our children feel safe and comfortable by drawing, reading books and playing with toys before the procedure.<\/p>\n\n\n\n<div class=\"rl-gallery-container rl-loading\" id=\"rl-gallery-container-1\" data-gallery_id=\"367\"> <div class=\"rl-gallery rl-basicgrid-gallery rl-hover-effect-1 rl-hover-icon-7\" id=\"rl-gallery-1\" data-gallery_no=\"1\"> <div class=\"rl-gallery-item\"><a href=\"https:\/\/www.drmelikecanpolat.com.tr\/wp-content\/uploads\/2025\/05\/IMG_4162.jpg\" title=\"\" data-rl_title=\"\" class=\"rl-gallery-link\" data-rl_caption=\"\" data-rel=\"lightbox-gallery-1\"><img loading=\"lazy\" decoding=\"async\" src=\"https:\/\/www.drmelikecanpolat.com.tr\/wp-content\/uploads\/2025\/05\/IMG_4162.jpg\" width=\"1613\" height=\"1210\" alt=\"\" \/><\/a><\/div><div class=\"rl-gallery-item\"><a href=\"https:\/\/www.drmelikecanpolat.com.tr\/wp-content\/uploads\/2025\/05\/IMG_4164.jpg\" title=\"\" data-rl_title=\"\" class=\"rl-gallery-link\" data-rl_caption=\"\" data-rel=\"lightbox-gallery-1\"><img loading=\"lazy\" decoding=\"async\" src=\"https:\/\/www.drmelikecanpolat.com.tr\/wp-content\/uploads\/2025\/05\/IMG_4164.jpg\" width=\"1613\" height=\"1210\" alt=\"\" \/><\/a><\/div><div class=\"rl-gallery-item\"><a href=\"https:\/\/www.drmelikecanpolat.com.tr\/wp-content\/uploads\/2025\/05\/IMG_4169.jpg\" title=\"\" data-rl_title=\"\" class=\"rl-gallery-link\" data-rl_caption=\"\" data-rel=\"lightbox-gallery-1\"><img loading=\"lazy\" decoding=\"async\" src=\"https:\/\/www.drmelikecanpolat.com.tr\/wp-content\/uploads\/2025\/05\/IMG_4169.jpg\" width=\"1613\" height=\"1210\" alt=\"\" \/><\/a><\/div><div class=\"rl-gallery-item\"><a href=\"https:\/\/www.drmelikecanpolat.com.tr\/wp-content\/uploads\/2025\/05\/IMG_4172.jpg\" title=\"\" data-rl_title=\"\" class=\"rl-gallery-link\" data-rl_caption=\"\" data-rel=\"lightbox-gallery-1\"><img loading=\"lazy\" decoding=\"async\" src=\"https:\/\/www.drmelikecanpolat.com.tr\/wp-content\/uploads\/2025\/05\/IMG_4172.jpg\" width=\"1613\" height=\"1210\" alt=\"\" \/><\/a><\/div><div class=\"rl-gallery-item\"><a href=\"https:\/\/www.drmelikecanpolat.com.tr\/wp-content\/uploads\/2025\/05\/IMG_4205.jpg\" title=\"\" data-rl_title=\"\" class=\"rl-gallery-link\" data-rl_caption=\"\" data-rel=\"lightbox-gallery-1\"><img loading=\"lazy\" decoding=\"async\" src=\"https:\/\/www.drmelikecanpolat.com.tr\/wp-content\/uploads\/2025\/05\/IMG_4205.jpg\" width=\"1210\" height=\"1613\" alt=\"\" \/><\/a><\/div> <\/div> <\/div>","protected":false},"excerpt":{"rendered":"<p>Our clinic is located in Be\u015ftepe \u00c7ak\u0131ro\u011flu Plaza, the center of Ankara. We have designed a pleasant waiting room for our patient relatives at the entrance of our clinic, where they can wait for their relatives with pleasure, drink their coffee and watch something in the meantime. In our treatment section, we have prepared 2 [&hellip;]<\/p>","protected":false},"author":1,"featured_media":0,"parent":0,"menu_order":0,"comment_status":"closed","ping_status":"closed","template":"","meta":{"footnotes":""},"class_list":["post-308","page","type-page","status-publish","hentry"],"_links":{"self":[{"href":"https:\/\/www.drmelikecanpolat.com.tr\/en\/wp-json\/wp\/v2\/pages\/308","targetHints":{"allow":["GET"]}}],"collection":[{"href":"https:\/\/www.drmelikecanpolat.com.tr\/en\/wp-json\/wp\/v2\/pages"}],"about":[{"href":"https:\/\/www.drmelikecanpolat.com.tr\/en\/wp-json\/wp\/v2\/types\/page"}],"author":[{"embeddable":true,"href":"https:\/\/www.drmelikecanpolat.com.tr\/en\/wp-json\/wp\/v2\/users\/1"}],"replies":[{"embeddable":true,"href":"https:\/\/www.drmelikecanpolat.com.tr\/en\/wp-json\/wp\/v2\/comments?post=308"}],"version-history":[{"count":3,"href":"https:\/\/www.drmelikecanpolat.com.tr\/en\/wp-json\/wp\/v2\/pages\/308\/revisions"}],"predecessor-version":[{"id":370,"href":"https:\/\/www.drmelikecanpolat.com.tr\/en\/wp-json\/wp\/v2\/pages\/308\/revisions\/370"}],"wp:attachment":[{"href":"https:\/\/www.drmelikecanpolat.com.tr\/en\/wp-json\/wp\/v2\/media?parent=308"}],"curies":[{"name":"wp","href":"https:\/\/api.w.org\/{rel}","templated":true}]}}